{"id":980,"date":"2017-12-18T17:40:42","date_gmt":"2017-12-18T19:40:42","guid":{"rendered":"http:\/\/www.admethics.com\/?page_id=2"},"modified":"2023-06-12T17:04:05","modified_gmt":"2023-06-12T20:04:05","slug":"research","status":"publish","type":"page","link":"https:\/\/www.admethics.com\/br\/research\/","title":{"rendered":"Pesquisa"},"content":{"rendered":"\n<p>As pesquisas desenvolvidas pelo grupo <strong>AdmEthics<\/strong> prezam pela qualidade e pelo rigor a fim de atingir os  padr\u00f5es acad\u00eamicos de mais alto n\u00edvel.<\/p>\n\n\n\n<p>Estimulamos as discuss\u00f5es e reflex\u00f5es para o aprofundamento de ideias e pretendemos oferecer aos nossos membros um ambiente para a consecu\u00e7\u00e3o de seus objetivos acad\u00eamicos. Neste sentido, proporcionamos o espa\u00e7o necess\u00e1rio para o desenvolvimento de trabalhos que s\u00e3o requisitos para a forma\u00e7\u00e3o acad\u00eamica, bem como projetos para a forma\u00e7\u00e3o individual na \u00e1rea da pesquisa.<\/p>\n\n\n\n<p>Tipos de pesquisas desenvolvidas:<\/p>\n\n\n\n<ul class=\"wp-block-list\">\n<li><a href=\"https:\/\/www.admethics.com\/br\/degree-projects\/\" title=\"\">Trabalhos de conclus\u00e3o<\/a> (monografias, disserta\u00e7\u00f5es e teses);<\/li>\n<\/ul>\n\n\n\n<ul class=\"wp-block-list\">\n<li><a href=\"https:\/\/www.admethics.com\/br\/papers\/\" title=\"\">Artigos para revistas acad\u00eamicas<\/a>;<\/li>\n<\/ul>\n\n\n\n<ul class=\"wp-block-list\">\n<li><a href=\"https:\/\/www.admethics.com\/br\/artigos-apresentados-em-eventos\/\" title=\"\">Artigos para eventos acad\u00eamicos<\/a>;<\/li>\n<\/ul>\n\n\n\n<ul class=\"wp-block-list\">\n<li>Projetos para o aprofundamento do arcabou\u00e7o te\u00f3rico e pr\u00e1tico do grupo (projeto atual: \u201c<strong><a href=\"https:\/\/www.admethics.com\/br\/projeto\/\" title=\"\">A \u00c9tica da vida humana associada: Compreendendo os atos morais voltados para o bem comum no contexto brasileiro<\/a><\/strong>\u201c).<\/li>\n<\/ul>\n\n\n\n<p><\/p>\n\n\n\n<p>Conhe\u00e7a tamb\u00e9m nossas <a href=\"https:\/\/www.admethics.com\/br\/research-lines\/\" title=\"\">linhas de pesquisa<\/a>.<\/p>\n\n\n\n<p><\/p>\n","protected":false},"excerpt":{"rendered":"<p>As pesquisas desenvolvidas pelo grupo AdmEthics prezam pela qualidade e pelo rigor a fim de atingir os padr\u00f5es acad\u00eamicos de mais alto n\u00edvel. Estimulamos as discuss\u00f5es e reflex\u00f5es para o aprofundamento de ideias e pretendemos oferecer aos nossos membros um ambiente para a consecu\u00e7\u00e3o de seus objetivos acad\u00eamicos. Neste sentido, proporcionamos o espa\u00e7o necess\u00e1rio para [&hellip;]<\/p>\n","protected":false},"author":1,"featured_media":0,"parent":0,"menu_order":0,"comment_status":"closed","ping_status":"closed","template":"","meta":{"footnotes":""},"class_list":["post-980","page","type-page","status-publish","hentry"],"translation":{"provider":"WPGlobus","version":"3.0.2","language":"br","enabled_languages":["en","br"],"languages":{"en":{"title":true,"content":false,"excerpt":false},"br":{"title":true,"content":true,"excerpt":false}}},"blog_post_layout_featured_media_urls":{"thumbnail":"","full":""},"categories_names":null,"comments_number":"0","_links":{"self":[{"href":"https:\/\/www.admethics.com\/br\/wp-json\/wp\/v2\/pages\/980","targetHints":{"allow":["GET"]}}],"collection":[{"href":"https:\/\/www.admethics.com\/br\/wp-json\/wp\/v2\/pages"}],"about":[{"href":"https:\/\/www.admethics.com\/br\/wp-json\/wp\/v2\/types\/page"}],"author":[{"embeddable":true,"href":"https:\/\/www.admethics.com\/br\/wp-json\/wp\/v2\/users\/1"}],"replies":[{"embeddable":true,"href":"https:\/\/www.admethics.com\/br\/wp-json\/wp\/v2\/comments?post=980"}],"version-history":[{"count":10,"href":"https:\/\/www.admethics.com\/br\/wp-json\/wp\/v2\/pages\/980\/revisions"}],"predecessor-version":[{"id":4218,"href":"https:\/\/www.admethics.com\/br\/wp-json\/wp\/v2\/pages\/980\/revisions\/4218"}],"wp:attachment":[{"href":"https:\/\/www.admethics.com\/br\/wp-json\/wp\/v2\/media?parent=980"}],"curies":[{"name":"wp","href":"https:\/\/api.w.org\/{rel}","templated":true}]}}