{"id":4214,"date":"2023-06-12T17:01:37","date_gmt":"2023-06-12T20:01:37","guid":{"rendered":"https:\/\/www.admethics.com\/?page_id=4214"},"modified":"2023-06-12T17:01:40","modified_gmt":"2023-06-12T20:01:40","slug":"research-lines","status":"publish","type":"page","link":"https:\/\/www.admethics.com\/br\/research-lines\/","title":{"rendered":"Linhas de Pesquisa"},"content":{"rendered":"\n<p><strong>1) Dilemas morais e racionalidade nas organiza\u00e7\u00f5es<\/strong><br><\/p>\n\n\n\n<p>Objetiva entender como o estudo de dilemas morais pode contribuir para o debate acerca da racionalidade das organiza\u00e7\u00f5es, cujo autor refer\u00eancia \u00e9 o soci\u00f3logo brasileiro Alberto Guerreiro Ramos. O dilema moral \u00e9 entendido como a viv\u00eancia de uma tens\u00e3o entre os poss\u00edveis caminhos da a\u00e7\u00e3o na busca pela melhor decis\u00e3o em determinadas circunst\u00e2ncias. Para compreender como esses dilemas s\u00e3o vivenciados, a concep\u00e7\u00e3o cl\u00e1ssica de racionalidade \u00e9 resgata na tentativa de demonstrar que a a\u00e7\u00e3o administrativa \u00e9 racional, em seu sentido singular, mas com m\u00faltiplas faculdades que a comp\u00f5em (diferentes dimens\u00f5es da racionalidade).<br><\/p>\n\n\n\n<p><strong>2) \u00c9tica das virtudes na a\u00e7\u00e3o administrativa e esfera p\u00fablica<\/strong><br><\/p>\n\n\n\n<p>Explora a perspectiva da \u00e9tica das virtudes no contexto da esfera p\u00fablica. Adotando uma abordagem de ra\u00edz aristot\u00e9lico-tomista, procura-se compreender como as virtudes s\u00e3o poss\u00edveis na a\u00e7\u00e3o administrativa e na esfera p\u00fablica, considerando como elementos centrais a no\u00e7\u00e3o de natureza humana, a eudaimonia como fim \u00faltimo (telos) das a\u00e7\u00f5es voltadas ao bem comum e a phr\u00f3nesis (prud\u00eancia) como sabedoria pr\u00e1tica para a\u00e7\u00f5es circunstanciadas.<br><\/p>\n\n\n\n<p><strong>3) Pr\u00e1ticas inovadoras de pesquisa, ensino e aprendizagem em \u00c9tica na Administra\u00e7\u00e3o<\/strong><br><\/p>\n\n\n\n<p>Abrange o desenvolvimento de instrumentos e viv\u00eancias para abordar quest\u00f5es \u00e9ticas em indiv\u00edduos e organiza\u00e7\u00f5es, bem como a condu\u00e7\u00e3o de interven\u00e7\u00f5es experimentais neste mesmo \u00e2mbito, utilizando-se de teorias e metodologias educacionais que possibilitem o desenvolvimento da compet\u00eancia moral e de virtudes \u00e9ticas para a pr\u00e1tica administrativa. Seu ferramental inclui aportes multidisciplinares de \u00e1reas como pedagogia, psicologia, educa\u00e7\u00e3o f\u00edsica, design, gamifica\u00e7\u00e3o, metodologias pr\u00e1ticas vivenciais e novas tecnologias da informa\u00e7\u00e3o e da comunica\u00e7\u00e3o.<br><\/p>\n\n\n\n<p><strong>4) Interfaces entre \u00e9tica, economia e administra\u00e7\u00e3o<\/strong><br><\/p>\n\n\n\n<p>Investiga como a a\u00e7\u00e3o \u00e9tica ocorre num contexto econ\u00f4mico-administrativo. Isso exige n\u00e3o apenas o conhecimento de recentes desenvolvimentos da Business Ethics e da teoria econ\u00f4mica, como a Economia Comportamental, mas tamb\u00e9m a recupera\u00e7\u00e3o hist\u00f3rica das ideias de economistas, fil\u00f3sofos, cientistas pol\u00edticos, te\u00f3ricos das organiza\u00e7\u00f5es e estudiosos da Administra\u00e7\u00e3o que, ao longo dos s\u00e9culos, tentaram compreender a racionalidade humana e posicion\u00e1-la no contexto de a\u00e7\u00f5es econ\u00f4micas.<br><\/p>\n\n\n\n<p><strong>5) Interfaces entre \u00e9tica e dimens\u00e3o antropol\u00f3gica na Administra\u00e7\u00e3o<\/strong><br><\/p>\n\n\n\n<p>Envolve os estudos relacionados a temas como natureza humana, imagin\u00e1rio simb\u00f3lico, d\u00e1diva, espiritualidade, religiosidade, cultura e la\u00e7os sociais na Administra\u00e7\u00e3o, sob o enfoque antropol\u00f3gico (filos\u00f3fico e cultural) e sociol\u00f3gico.<\/p>\n","protected":false},"excerpt":{"rendered":"<p>1) Dilemas morais e racionalidade nas organiza\u00e7\u00f5es Objetiva entender como o estudo de dilemas morais pode contribuir para o debate acerca da racionalidade das organiza\u00e7\u00f5es, cujo autor refer\u00eancia \u00e9 o soci\u00f3logo brasileiro Alberto Guerreiro Ramos. O dilema moral \u00e9 entendido como a viv\u00eancia de uma tens\u00e3o entre os poss\u00edveis caminhos da a\u00e7\u00e3o na busca pela [&hellip;]<\/p>\n","protected":false},"author":20,"featured_media":0,"parent":0,"menu_order":0,"comment_status":"closed","ping_status":"closed","template":"","meta":{"footnotes":""},"class_list":["post-4214","page","type-page","status-publish","hentry"],"translation":{"provider":"WPGlobus","version":"3.0.2","language":"br","enabled_languages":["en","br"],"languages":{"en":{"title":true,"content":false,"excerpt":false},"br":{"title":true,"content":true,"excerpt":false}}},"blog_post_layout_featured_media_urls":{"thumbnail":"","full":""},"categories_names":null,"comments_number":"0","_links":{"self":[{"href":"https:\/\/www.admethics.com\/br\/wp-json\/wp\/v2\/pages\/4214","targetHints":{"allow":["GET"]}}],"collection":[{"href":"https:\/\/www.admethics.com\/br\/wp-json\/wp\/v2\/pages"}],"about":[{"href":"https:\/\/www.admethics.com\/br\/wp-json\/wp\/v2\/types\/page"}],"author":[{"embeddable":true,"href":"https:\/\/www.admethics.com\/br\/wp-json\/wp\/v2\/users\/20"}],"replies":[{"embeddable":true,"href":"https:\/\/www.admethics.com\/br\/wp-json\/wp\/v2\/comments?post=4214"}],"version-history":[{"count":2,"href":"https:\/\/www.admethics.com\/br\/wp-json\/wp\/v2\/pages\/4214\/revisions"}],"predecessor-version":[{"id":4216,"href":"https:\/\/www.admethics.com\/br\/wp-json\/wp\/v2\/pages\/4214\/revisions\/4216"}],"wp:attachment":[{"href":"https:\/\/www.admethics.com\/br\/wp-json\/wp\/v2\/media?parent=4214"}],"curies":[{"name":"wp","href":"https:\/\/api.w.org\/{rel}","templated":true}]}}