{"id":4197,"date":"2023-06-12T16:51:00","date_gmt":"2023-06-12T19:51:00","guid":{"rendered":"https:\/\/www.admethics.com\/?page_id=4197"},"modified":"2023-06-13T16:40:22","modified_gmt":"2023-06-13T19:40:22","slug":"publications","status":"publish","type":"page","link":"https:\/\/www.admethics.com\/br\/publications\/","title":{"rendered":"Publica\u00e7\u00f5es"},"content":{"rendered":"\n<p>Esta p\u00e1gina \u00e9 dedicada \u00e0 divulga\u00e7\u00e3o de publica\u00e7\u00f5es de autoria ou co-autoria de membros do grupo.<\/p>\n\n\n\n<p>Clique nos links para conhecer nossas publica\u00e7\u00f5es:<\/p>\n\n\n\n<ul class=\"wp-block-list\">\n<li><a href=\"https:\/\/www.admethics.com\/br\/degree-projects\/\" target=\"_blank\" rel=\"noopener\" title=\"\">Trabalhos de conclus\u00e3o<\/a>;<\/li>\n\n\n\n<li><a href=\"https:\/\/www.admethics.com\/br\/papers\/\" target=\"_blank\" rel=\"noopener\" title=\"\">Artigos para revistas acad\u00eamicas<\/a>;<\/li>\n\n\n\n<li><a href=\"https:\/\/www.admethics.com\/br\/artigos-apresentados-em-eventos\/\" target=\"_blank\" rel=\"noopener\" title=\"\">Artigos para eventos acad\u00eamicos<\/a>;<\/li>\n\n\n\n<li><a href=\"https:\/\/www.admethics.com\/br\/book\/\" target=\"_blank\" rel=\"noopener\" title=\"\">Livro<\/a>.<\/li>\n<\/ul>\n","protected":false},"excerpt":{"rendered":"<p>Esta p\u00e1gina \u00e9 dedicada \u00e0 divulga\u00e7\u00e3o de publica\u00e7\u00f5es de autoria ou co-autoria de membros do grupo. Clique nos links para conhecer nossas publica\u00e7\u00f5es:<\/p>\n","protected":false},"author":20,"featured_media":0,"parent":0,"menu_order":0,"comment_status":"closed","ping_status":"closed","template":"","meta":{"footnotes":""},"class_list":["post-4197","page","type-page","status-publish","hentry"],"translation":{"provider":"WPGlobus","version":"3.0.2","language":"br","enabled_languages":["en","br"],"languages":{"en":{"title":true,"content":true,"excerpt":false},"br":{"title":true,"content":true,"excerpt":false}}},"blog_post_layout_featured_media_urls":{"thumbnail":"","full":""},"categories_names":null,"comments_number":"0","_links":{"self":[{"href":"https:\/\/www.admethics.com\/br\/wp-json\/wp\/v2\/pages\/4197","targetHints":{"allow":["GET"]}}],"collection":[{"href":"https:\/\/www.admethics.com\/br\/wp-json\/wp\/v2\/pages"}],"about":[{"href":"https:\/\/www.admethics.com\/br\/wp-json\/wp\/v2\/types\/page"}],"author":[{"embeddable":true,"href":"https:\/\/www.admethics.com\/br\/wp-json\/wp\/v2\/users\/20"}],"replies":[{"embeddable":true,"href":"https:\/\/www.admethics.com\/br\/wp-json\/wp\/v2\/comments?post=4197"}],"version-history":[{"count":9,"href":"https:\/\/www.admethics.com\/br\/wp-json\/wp\/v2\/pages\/4197\/revisions"}],"predecessor-version":[{"id":4235,"href":"https:\/\/www.admethics.com\/br\/wp-json\/wp\/v2\/pages\/4197\/revisions\/4235"}],"wp:attachment":[{"href":"https:\/\/www.admethics.com\/br\/wp-json\/wp\/v2\/media?parent=4197"}],"curies":[{"name":"wp","href":"https:\/\/api.w.org\/{rel}","templated":true}]}}