{"id":4137,"date":"2023-05-12T02:14:53","date_gmt":"2023-05-12T05:14:53","guid":{"rendered":"https:\/\/www.admethics.com\/?page_id=4137"},"modified":"2023-05-12T02:35:31","modified_gmt":"2023-05-12T05:35:31","slug":"degree-projects","status":"publish","type":"page","link":"https:\/\/www.admethics.com\/br\/degree-projects\/","title":{"rendered":"Trabalhos de conclus\u00e3o"},"content":{"rendered":"\n<p>Trabalhos de conclus\u00e3o de autoria de membros e egressos do grupo.<\/p>\n\n\n\n<h2 class=\"wp-block-heading\">Doutorado<\/h2>\n\n\n\n<p><a href=\"http:\/\/sistemabu.udesc.br\/pergamumweb\/vinculos\/00009c\/00009c73.pdf\" target=\"_blank\" rel=\"noreferrer noopener\">MARTINS, Felipe Fl\u00f4res.\u00a0<strong>Negociar recursos financeiros \u00e9 um v\u00edcio?:\u00a0<\/strong>as marcas de car\u00e1ter para os traders. 2022. 1 recurso on-line (144 p. Tese &#8211; Doutorado) &#8211; Universidade do Estado de Santa Catarina, Centro de Ci\u00eancias da Administra\u00e7\u00e3o e Socioecon\u00f4micas, Doutorado Profissional em Administra\u00e7\u00e3o, Florian\u00f3polis, 2022.<\/a><\/p>\n\n\n\n<p><a href=\"http:\/\/sistemabu.udesc.br\/pergamumweb\/vinculos\/000087\/00008756.pdf\" target=\"_blank\" rel=\"noopener\" title=\"\">AMES, Maria Clara Figueiredo Dalla Costa.\u00a0<strong>Prote\u00e7\u00e3o \u00e0 vida de beb\u00eas e gestantes:\u00a0<\/strong>forma\u00e7\u00e3o da agenda brasileira e experi\u00eancias de organiza\u00e7\u00f5es volunt\u00e1rias \u00e0 luz da \u00e9tica das virtudes. 2020. 1 recurso on-line (382 p. Tese &#8211; Doutorado)-Universidade do Estado de Santa Catarina, Centro de Ci\u00eancias da Administra\u00e7\u00e3o e Socioecon\u00f4micas, Doutorado em Administra\u00e7\u00e3o, Florian\u00f3polis, 2020.<\/a><\/p>\n\n\n\n<p>SANTOS, La\u00eds Silveira.\u00a0<strong>A \u00e9tica da gest\u00e3o p\u00fablica \u00e0 luz da abordagem da racionalidade:\u00a0<\/strong>os dilemas morais vivenciados na gest\u00e3o de riscos e desastres em Santa Catarina. 2019 (341 p. Tese &#8211; Doutorado)-Universidade do Estado de Santa Catarina, Centro de Ci\u00eancias da Administra\u00e7\u00e3o e Socioecon\u00f4micas, Doutorado em Administra\u00e7\u00e3o, Florian\u00f3polis, 2019.<\/p>\n\n\n\n<p><\/p>\n\n\n\n<h2 class=\"wp-block-heading\">Mestrado<\/h2>\n\n\n\n<p><a href=\"http:\/\/sistemabu.udesc.br\/pergamumweb\/vinculos\/00008c\/00008c98.pdf\" target=\"_blank\" rel=\"noopener\" title=\"\">MELO, Gabriel Estruzani Queiroz de.\u00a0<strong>A religi\u00e3o como institui\u00e7\u00e3o social indutora do empreendedorismo.<\/strong>\u00a02021. 1 recurso on-line (156 p. Disserta\u00e7\u00e3o &#8211; Mestrado) &#8211; Universidade do Estado de Santa Catarina, Centro de Ci\u00eancias da Administra\u00e7\u00e3o e Socioecon\u00f4micas, Programa de P\u00f3s-Gradua\u00e7\u00e3o em Administra\u00e7\u00e3o, Florian\u00f3polis, 2021.<\/a><\/p>\n\n\n\n<p><a href=\"http:\/\/sistemabu.udesc.br\/pergamumweb\/vinculos\/000089\/0000893e.pdf\" target=\"_blank\" rel=\"noopener\" title=\"\">JACINTO, Elize.\u00a0<strong>Tecnologia religiosa voltada \u00e0 pr\u00e1xis em organiza\u00e7\u00f5es baseadas na f\u00e9 da sociedade civil.<\/strong>\u00a02020. 1 recurso on-line (184 p. Disserta\u00e7\u00e3o (Mestrado) &#8211; Universidade do Estado de Santa Catarina, Centro de Ci\u00eancias da Administra\u00e7\u00e3o e Socioecon\u00f4micas, Mestrado Profissional em Administra\u00e7\u00e3o, Florian\u00f3polis, 2020.<\/a><\/p>\n\n\n\n<p>CARNEIRO, Lucas Carregari.\u00a0<strong>?De mim saiu virtude?::\u00a0<\/strong>espiritualidade e compet\u00eancia moral em grupos de forma\u00e7\u00e3o empreendedora. (175 p. Disserta\u00e7\u00e3o &#8211; Mestrado) &#8211; Universidade do Estado de Santa Disserta\u00e7\u00e3o (Mestrado) &#8211; Universidade do Estado de Santa Catarina, Centro de Ci\u00eancias da Administra\u00e7\u00e3o e Socioecon\u00f4micas, Programa de P\u00f3s-Gradua\u00e7\u00e3o em Administra\u00e7\u00e3o, Florian\u00f3polis, 2017.<\/p>\n\n\n\n<p>AMES, Maria Clara Figueiredo Dalla Costa.\u00a0<strong>&#8216;Moral da hist\u00f3ria&#8217;:\u00a0<\/strong>dilemas, incerteza e a racionalidade de empreendedores econ\u00f4micos e sociais. (392 p. Disserta\u00e7\u00e3o &#8211; Mestrado) &#8211; Universidade do Estado de Santa Catarina, Centro de Ci\u00eancias da Administra\u00e7\u00e3o e Socioecon\u00f4micas, Mestrado Acad\u00eamico em Administra\u00e7\u00e3o, Florian\u00f3polis, 2015.<\/p>\n\n\n\n<p><\/p>\n","protected":false},"excerpt":{"rendered":"<p>Trabalhos de conclus\u00e3o de autoria de membros e egressos do grupo. Doutorado MARTINS, Felipe Fl\u00f4res.\u00a0Negociar recursos financeiros \u00e9 um v\u00edcio?:\u00a0as marcas de car\u00e1ter para os traders. 2022. 1 recurso on-line (144 p. Tese &#8211; Doutorado) &#8211; Universidade do Estado de Santa Catarina, Centro de Ci\u00eancias da Administra\u00e7\u00e3o e Socioecon\u00f4micas, Doutorado Profissional em Administra\u00e7\u00e3o, Florian\u00f3polis, 2022. [&hellip;]<\/p>\n","protected":false},"author":20,"featured_media":0,"parent":0,"menu_order":0,"comment_status":"closed","ping_status":"closed","template":"","meta":{"footnotes":""},"class_list":["post-4137","page","type-page","status-publish","hentry"],"translation":{"provider":"WPGlobus","version":"3.0.2","language":"br","enabled_languages":["en","br"],"languages":{"en":{"title":true,"content":true,"excerpt":false},"br":{"title":true,"content":true,"excerpt":false}}},"blog_post_layout_featured_media_urls":{"thumbnail":"","full":""},"categories_names":null,"comments_number":"0","_links":{"self":[{"href":"https:\/\/www.admethics.com\/br\/wp-json\/wp\/v2\/pages\/4137","targetHints":{"allow":["GET"]}}],"collection":[{"href":"https:\/\/www.admethics.com\/br\/wp-json\/wp\/v2\/pages"}],"about":[{"href":"https:\/\/www.admethics.com\/br\/wp-json\/wp\/v2\/types\/page"}],"author":[{"embeddable":true,"href":"https:\/\/www.admethics.com\/br\/wp-json\/wp\/v2\/users\/20"}],"replies":[{"embeddable":true,"href":"https:\/\/www.admethics.com\/br\/wp-json\/wp\/v2\/comments?post=4137"}],"version-history":[{"count":5,"href":"https:\/\/www.admethics.com\/br\/wp-json\/wp\/v2\/pages\/4137\/revisions"}],"predecessor-version":[{"id":4146,"href":"https:\/\/www.admethics.com\/br\/wp-json\/wp\/v2\/pages\/4137\/revisions\/4146"}],"wp:attachment":[{"href":"https:\/\/www.admethics.com\/br\/wp-json\/wp\/v2\/media?parent=4137"}],"curies":[{"name":"wp","href":"https:\/\/api.w.org\/{rel}","templated":true}]}}