{"id":4114,"date":"2023-05-12T01:39:18","date_gmt":"2023-05-12T04:39:18","guid":{"rendered":"https:\/\/www.admethics.com\/?page_id=4114"},"modified":"2023-05-12T01:40:04","modified_gmt":"2023-05-12T04:40:04","slug":"admethics-tech","status":"publish","type":"page","link":"https:\/\/www.admethics.com\/br\/admethics-tech\/","title":{"rendered":"AdmEthics Tech"},"content":{"rendered":"\n<p>P\u00e1gina em constru\u00e7\u00e3o.<\/p>\n","protected":false},"excerpt":{"rendered":"<p>P\u00e1gina em constru\u00e7\u00e3o.<\/p>\n","protected":false},"author":20,"featured_media":0,"parent":0,"menu_order":0,"comment_status":"closed","ping_status":"closed","template":"","meta":{"footnotes":""},"class_list":["post-4114","page","type-page","status-publish","hentry"],"translation":{"provider":"WPGlobus","version":"3.0.2","language":"br","enabled_languages":["en","br"],"languages":{"en":{"title":true,"content":true,"excerpt":false},"br":{"title":true,"content":true,"excerpt":false}}},"blog_post_layout_featured_media_urls":{"thumbnail":"","full":""},"categories_names":null,"comments_number":"0","_links":{"self":[{"href":"https:\/\/www.admethics.com\/br\/wp-json\/wp\/v2\/pages\/4114","targetHints":{"allow":["GET"]}}],"collection":[{"href":"https:\/\/www.admethics.com\/br\/wp-json\/wp\/v2\/pages"}],"about":[{"href":"https:\/\/www.admethics.com\/br\/wp-json\/wp\/v2\/types\/page"}],"author":[{"embeddable":true,"href":"https:\/\/www.admethics.com\/br\/wp-json\/wp\/v2\/users\/20"}],"replies":[{"embeddable":true,"href":"https:\/\/www.admethics.com\/br\/wp-json\/wp\/v2\/comments?post=4114"}],"version-history":[{"count":2,"href":"https:\/\/www.admethics.com\/br\/wp-json\/wp\/v2\/pages\/4114\/revisions"}],"predecessor-version":[{"id":4116,"href":"https:\/\/www.admethics.com\/br\/wp-json\/wp\/v2\/pages\/4114\/revisions\/4116"}],"wp:attachment":[{"href":"https:\/\/www.admethics.com\/br\/wp-json\/wp\/v2\/media?parent=4114"}],"curies":[{"name":"wp","href":"https:\/\/api.w.org\/{rel}","templated":true}]}}