{"id":3564,"date":"2022-06-16T11:29:51","date_gmt":"2022-06-16T14:29:51","guid":{"rendered":"https:\/\/www.admethics.com\/?page_id=3564"},"modified":"2022-06-16T11:29:53","modified_gmt":"2022-06-16T14:29:53","slug":"associate-researches","status":"publish","type":"page","link":"https:\/\/www.admethics.com\/br\/associate-researches\/","title":{"rendered":"Pesquisadores associados"},"content":{"rendered":"\n<p>P\u00e1gina em constru\u00e7\u00e3o.<\/p>\n","protected":false},"excerpt":{"rendered":"<p>P\u00e1gina em constru\u00e7\u00e3o.<\/p>\n","protected":false},"author":20,"featured_media":0,"parent":0,"menu_order":0,"comment_status":"closed","ping_status":"closed","template":"","meta":{"footnotes":""},"class_list":["post-3564","page","type-page","status-publish","hentry"],"translation":{"provider":"WPGlobus","version":"3.0.2","language":"br","enabled_languages":["en","br"],"languages":{"en":{"title":true,"content":true,"excerpt":false},"br":{"title":true,"content":true,"excerpt":false}}},"blog_post_layout_featured_media_urls":{"thumbnail":"","full":""},"categories_names":null,"comments_number":"0","_links":{"self":[{"href":"https:\/\/www.admethics.com\/br\/wp-json\/wp\/v2\/pages\/3564","targetHints":{"allow":["GET"]}}],"collection":[{"href":"https:\/\/www.admethics.com\/br\/wp-json\/wp\/v2\/pages"}],"about":[{"href":"https:\/\/www.admethics.com\/br\/wp-json\/wp\/v2\/types\/page"}],"author":[{"embeddable":true,"href":"https:\/\/www.admethics.com\/br\/wp-json\/wp\/v2\/users\/20"}],"replies":[{"embeddable":true,"href":"https:\/\/www.admethics.com\/br\/wp-json\/wp\/v2\/comments?post=3564"}],"version-history":[{"count":2,"href":"https:\/\/www.admethics.com\/br\/wp-json\/wp\/v2\/pages\/3564\/revisions"}],"predecessor-version":[{"id":3566,"href":"https:\/\/www.admethics.com\/br\/wp-json\/wp\/v2\/pages\/3564\/revisions\/3566"}],"wp:attachment":[{"href":"https:\/\/www.admethics.com\/br\/wp-json\/wp\/v2\/media?parent=3564"}],"curies":[{"name":"wp","href":"https:\/\/api.w.org\/{rel}","templated":true}]}}