{"id":3523,"date":"2022-06-13T20:51:06","date_gmt":"2022-06-13T23:51:06","guid":{"rendered":"https:\/\/www.admethics.com\/?page_id=3523"},"modified":"2023-06-12T15:47:24","modified_gmt":"2023-06-12T18:47:24","slug":"join-us","status":"publish","type":"page","link":"https:\/\/www.admethics.com\/br\/join-us\/","title":{"rendered":"Seja um membro"},"content":{"rendered":"\n<p>P\u00e1gina em constru\u00e7\u00e3o.<\/p>\n","protected":false},"excerpt":{"rendered":"<p>P\u00e1gina em constru\u00e7\u00e3o.<\/p>\n","protected":false},"author":20,"featured_media":0,"parent":0,"menu_order":0,"comment_status":"closed","ping_status":"closed","template":"","meta":{"footnotes":""},"class_list":["post-3523","page","type-page","status-publish","hentry"],"translation":{"provider":"WPGlobus","version":"3.0.2","language":"br","enabled_languages":["en","br"],"languages":{"en":{"title":true,"content":true,"excerpt":false},"br":{"title":true,"content":true,"excerpt":false}}},"blog_post_layout_featured_media_urls":{"thumbnail":"","full":""},"categories_names":null,"comments_number":"0","_links":{"self":[{"href":"https:\/\/www.admethics.com\/br\/wp-json\/wp\/v2\/pages\/3523","targetHints":{"allow":["GET"]}}],"collection":[{"href":"https:\/\/www.admethics.com\/br\/wp-json\/wp\/v2\/pages"}],"about":[{"href":"https:\/\/www.admethics.com\/br\/wp-json\/wp\/v2\/types\/page"}],"author":[{"embeddable":true,"href":"https:\/\/www.admethics.com\/br\/wp-json\/wp\/v2\/users\/20"}],"replies":[{"embeddable":true,"href":"https:\/\/www.admethics.com\/br\/wp-json\/wp\/v2\/comments?post=3523"}],"version-history":[{"count":9,"href":"https:\/\/www.admethics.com\/br\/wp-json\/wp\/v2\/pages\/3523\/revisions"}],"predecessor-version":[{"id":4190,"href":"https:\/\/www.admethics.com\/br\/wp-json\/wp\/v2\/pages\/3523\/revisions\/4190"}],"wp:attachment":[{"href":"https:\/\/www.admethics.com\/br\/wp-json\/wp\/v2\/media?parent=3523"}],"curies":[{"name":"wp","href":"https:\/\/api.w.org\/{rel}","templated":true}]}}